{"id":6854,"date":"2024-11-06T15:18:06","date_gmt":"2024-11-06T20:18:06","guid":{"rendered":"https:\/\/broomday.com\/costarica\/?page_id=6854"},"modified":"2024-11-06T15:18:59","modified_gmt":"2024-11-06T20:18:59","slug":"blog","status":"publish","type":"page","link":"https:\/\/broomday.com\/costarica\/blog\/","title":{"rendered":"Blog"},"content":{"rendered":"\t\t<div data-elementor-type=\"wp-page\" data-elementor-id=\"6854\" class=\"elementor elementor-6854\" data-elementor-post-type=\"page\">\n\t\t\t\t\t\t<section class=\"elementor-section elementor-top-section elementor-element elementor-element-c25e013 ct-section-stretched elementor-section-height-min-height elementor-section-boxed elementor-section-height-default elementor-section-items-middle\" data-id=\"c25e013\" data-element_type=\"section\" data-e-type=\"section\" data-settings=\"{&quot;background_background&quot;:&quot;classic&quot;}\">\n\t\t\t\t\t\t\t<div class=\"elementor-background-overlay\"><\/div>\n\t\t\t\t\t\t\t<div class=\"elementor-container elementor-column-gap-default\">\n\t\t\t\t\t<div class=\"elementor-column elementor-col-100 elementor-top-column elementor-element elementor-element-3477e93\" data-id=\"3477e93\" data-element_type=\"column\" data-e-type=\"column\" data-settings=\"{&quot;animation&quot;:&quot;none&quot;}\">\n\t\t\t<div class=\"elementor-widget-wrap elementor-element-populated\">\n\t\t\t\t\t\t<div class=\"elementor-element elementor-element-9e3a18d elementor-widget elementor-widget-heading\" data-id=\"9e3a18d\" data-element_type=\"widget\" data-e-type=\"widget\" data-widget_type=\"heading.default\">\n\t\t\t\t<div class=\"elementor-widget-container\">\n\t\t\t\t\t<h2 class=\"elementor-heading-title elementor-size-default\">Blog<\/h2>\t\t\t\t<\/div>\n\t\t\t\t<\/div>\n\t\t\t\t\t<\/div>\n\t\t<\/div>\n\t\t\t\t\t<\/div>\n\t\t<\/section>\n\t\t\t\t<section class=\"elementor-section elementor-top-section elementor-element elementor-element-e6d5cdb elementor-section-boxed elementor-section-height-default elementor-section-height-default\" data-id=\"e6d5cdb\" data-element_type=\"section\" data-e-type=\"section\" data-settings=\"{&quot;background_background&quot;:&quot;classic&quot;}\">\n\t\t\t\t\t\t<div class=\"elementor-container elementor-column-gap-default\">\n\t\t\t\t\t<div class=\"elementor-column elementor-col-100 elementor-top-column elementor-element elementor-element-a9bad7d\" data-id=\"a9bad7d\" data-element_type=\"column\" data-e-type=\"column\">\n\t\t\t<div class=\"elementor-widget-wrap elementor-element-populated\">\n\t\t\t\t\t\t<div class=\"elementor-element elementor-element-263e68d elementor-widget elementor-widget-elementskit-heading\" data-id=\"263e68d\" data-element_type=\"widget\" data-e-type=\"widget\" data-widget_type=\"elementskit-heading.default\">\n\t\t\t\t<div class=\"elementor-widget-container\">\n\t\t\t\t\t<div class=\"ekit-wid-con\" ><div class=\"ekit-heading elementskit-section-title-wraper center   ekit_heading_tablet-   ekit_heading_mobile-\"><h2 class=\"ekit-heading--title elementskit-section-title \">Descubre todo sobre el servicio de limpieza en Panam\u00e1<\/h2><div class=\"ekit_heading_separetor_wraper ekit_heading_elementskit-border-divider ekit-dotted\"><div class=\"elementskit-border-divider ekit-dotted\"><\/div><\/div>\t\t\t\t<div class='ekit-heading__description'>\n\t\t\t\t\t<p>Servicio de limpieza Broomday, empresa l\u00edder en Panam\u00e1 en limpieza profesional.\u00a0<\/p>\n\t\t\t\t<\/div>\n\t\t\t<\/div><\/div>\t\t\t\t<\/div>\n\t\t\t\t<\/div>\n\t\t\t\t<section class=\"elementor-section elementor-inner-section elementor-element elementor-element-94c84e3 elementor-section-boxed elementor-section-height-default elementor-section-height-default\" data-id=\"94c84e3\" data-element_type=\"section\" data-e-type=\"section\">\n\t\t\t\t\t\t<div class=\"elementor-container elementor-column-gap-default\">\n\t\t\t\t\t<div class=\"elementor-column elementor-col-100 elementor-inner-column elementor-element elementor-element-254a3b2\" data-id=\"254a3b2\" data-element_type=\"column\" data-e-type=\"column\">\n\t\t\t<div class=\"elementor-widget-wrap elementor-element-populated\">\n\t\t\t\t\t\t<div class=\"elementor-element elementor-element-ea962cb elementor-widget elementor-widget-elementskit-blog-posts\" data-id=\"ea962cb\" data-element_type=\"widget\" data-e-type=\"widget\" data-widget_type=\"elementskit-blog-posts.default\">\n\t\t\t\t<div class=\"elementor-widget-container\">\n\t\t\t\t\t<div class=\"ekit-wid-con\" >        <div id=\"post-items--ea962cb\" class=\"row post-items\">\n                    <div class=\"col-lg-4 col-md-6\">\n\n                                    <div class=\"elementskit-post-image-card\">\n                        <div class=\"elementskit-entry-header\">\n                            \n                            \n\t\t\t\t\t\t\t\t\t\t\t\t\t<\/div><!-- .elementskit-entry-header END -->\n\n\t\t\t\t\t\t<div class=\"elementskit-post-body \">\n\t\t\t\t\t\t\t\n\t\t\t\t\t\t\t\t\t\t\t\t\t\t\t\t\t\t\t\t\t\t\t\t\t\n\t\t\t\t\t\t\t\t\n\t\t\t\t\t\t\t\t\t\t\t\t\t\t\t\t\t\t\t\t\t<h2 class=\"entry-title\">\n\t\t\t\t\t<a href=\"https:\/\/broomday.com\/costarica\/servicio-de-limpieza-de-limpieza-en-costa-rica\/\">\n\t\t\t\t\t\tServicio de limpieza de limpieza en Costa Rica\t\t\t\t\t<\/a>\n\t\t\t\t<\/h2>\n\t\t\t\t\t\t\t\t\t\t\t\t\t\t\t\t\t\t\t\t\t\t\t\t\t\t\t\t\t\t\t\t                                                    <\/div><!-- .elementskit-post-body END -->\n                    <\/div>\n                \n            <\/div>\n                    <div class=\"col-lg-4 col-md-6\">\n\n                                    <div class=\"elementskit-post-image-card\">\n                        <div class=\"elementskit-entry-header\">\n                            \n                            \n\t\t\t\t\t\t\t\t\t\t\t\t\t<\/div><!-- .elementskit-entry-header END -->\n\n\t\t\t\t\t\t<div class=\"elementskit-post-body \">\n\t\t\t\t\t\t\t\n\t\t\t\t\t\t\t\t\t\t\t\t\t\t\t\t\t\t\t\t\t\t\t\t\t\n\t\t\t\t\t\t\t\t\n\t\t\t\t\t\t\t\t\t\t\t\t\t\t\t\t\t\t\t\t\t<h2 class=\"entry-title\">\n\t\t\t\t\t<a href=\"https:\/\/broomday.com\/costarica\/empresas-de-limpieza-costa-rica-2\/\">\n\t\t\t\t\t\tEmpresas de limpieza Costa Rica\t\t\t\t\t<\/a>\n\t\t\t\t<\/h2>\n\t\t\t\t\t\t\t\t\t\t\t\t\t\t\t\t\t\t\t\t\t\t\t\t\t\t\t\t\t\t\t\t                                                    <\/div><!-- .elementskit-post-body END -->\n                    <\/div>\n                \n            <\/div>\n                    <div class=\"col-lg-4 col-md-6\">\n\n                                    <div class=\"elementskit-post-image-card\">\n                        <div class=\"elementskit-entry-header\">\n                            \n                            \n\t\t\t\t\t\t\t\t\t\t\t\t\t<\/div><!-- .elementskit-entry-header END -->\n\n\t\t\t\t\t\t<div class=\"elementskit-post-body \">\n\t\t\t\t\t\t\t\n\t\t\t\t\t\t\t\t\t\t\t\t\t\t\t\t\t\t\t\t\t\t\t\t\t\n\t\t\t\t\t\t\t\t\n\t\t\t\t\t\t\t\t\t\t\t\t\t\t\t\t\t\t\t\t\t<h2 class=\"entry-title\">\n\t\t\t\t\t<a href=\"https:\/\/broomday.com\/costarica\/empresa-de-limpieza-costa-rica\/\">\n\t\t\t\t\t\tEmpresa de limpieza Costa Rica\t\t\t\t\t<\/a>\n\t\t\t\t<\/h2>\n\t\t\t\t\t\t\t\t\t\t\t\t\t\t\t\t\t\t\t\t\t\t\t\t\t\t\t\t\t\t\t\t                                                    <\/div><!-- .elementskit-post-body END -->\n                    <\/div>\n                \n            <\/div>\n                    <div class=\"col-lg-4 col-md-6\">\n\n                                    <div class=\"elementskit-post-image-card\">\n                        <div class=\"elementskit-entry-header\">\n                            \n                            \n\t\t\t\t\t\t\t\t\t\t\t\t\t<\/div><!-- .elementskit-entry-header END -->\n\n\t\t\t\t\t\t<div class=\"elementskit-post-body \">\n\t\t\t\t\t\t\t\n\t\t\t\t\t\t\t\t\t\t\t\t\t\t\t\t\t\t\t\t\t\t\t\t\t\n\t\t\t\t\t\t\t\t\n\t\t\t\t\t\t\t\t\t\t\t\t\t\t\t\t\t\t\t\t\t<h2 class=\"entry-title\">\n\t\t\t\t\t<a href=\"https:\/\/broomday.com\/costarica\/empresas-de-limpieza-de-costa-rica-2\/\">\n\t\t\t\t\t\tEmpresas de limpieza de Costa Rica\t\t\t\t\t<\/a>\n\t\t\t\t<\/h2>\n\t\t\t\t\t\t\t\t\t\t\t\t\t\t\t\t\t\t\t\t\t\t\t\t\t\t\t\t\t\t\t\t                                                    <\/div><!-- .elementskit-post-body END -->\n                    <\/div>\n                \n            <\/div>\n                    <div class=\"col-lg-4 col-md-6\">\n\n                                    <div class=\"elementskit-post-image-card\">\n                        <div class=\"elementskit-entry-header\">\n                            \n                            \n\t\t\t\t\t\t\t\t\t\t\t\t\t<\/div><!-- .elementskit-entry-header END -->\n\n\t\t\t\t\t\t<div class=\"elementskit-post-body \">\n\t\t\t\t\t\t\t\n\t\t\t\t\t\t\t\t\t\t\t\t\t\t\t\t\t\t\t\t\t\t\t\t\t\n\t\t\t\t\t\t\t\t\n\t\t\t\t\t\t\t\t\t\t\t\t\t\t\t\t\t\t\t\t\t<h2 class=\"entry-title\">\n\t\t\t\t\t<a href=\"https:\/\/broomday.com\/costarica\/compania-de-limpieza-en-costa-rica-2\/\">\n\t\t\t\t\t\tCompa\u00f1\u00eda de limpieza en Costa Rica\t\t\t\t\t<\/a>\n\t\t\t\t<\/h2>\n\t\t\t\t\t\t\t\t\t\t\t\t\t\t\t\t\t\t\t\t\t\t\t\t\t\t\t\t\t\t\t\t                                                    <\/div><!-- .elementskit-post-body END -->\n                    <\/div>\n                \n            <\/div>\n                    <div class=\"col-lg-4 col-md-6\">\n\n                                    <div class=\"elementskit-post-image-card\">\n                        <div class=\"elementskit-entry-header\">\n                            \n                            \n\t\t\t\t\t\t\t\t\t\t\t\t\t<\/div><!-- .elementskit-entry-header END -->\n\n\t\t\t\t\t\t<div class=\"elementskit-post-body \">\n\t\t\t\t\t\t\t\n\t\t\t\t\t\t\t\t\t\t\t\t\t\t\t\t\t\t\t\t\t\t\t\t\t\n\t\t\t\t\t\t\t\t\n\t\t\t\t\t\t\t\t\t\t\t\t\t\t\t\t\t\t\t\t\t<h2 class=\"entry-title\">\n\t\t\t\t\t<a href=\"https:\/\/broomday.com\/costarica\/servicio-de-limpieza-corporativa-en-costa-rica\/\">\n\t\t\t\t\t\tServicio de Limpieza Corporativa en Costa Rica\t\t\t\t\t<\/a>\n\t\t\t\t<\/h2>\n\t\t\t\t\t\t\t\t\t\t\t\t\t\t\t\t\t\t\t\t\t\t\t\t\t\t\t\t\t\t\t\t                                                    <\/div><!-- .elementskit-post-body END -->\n                    <\/div>\n                \n            <\/div>\n                <\/div>\n       <\/div>\t\t\t\t<\/div>\n\t\t\t\t<\/div>\n\t\t\t\t\t<\/div>\n\t\t<\/div>\n\t\t\t\t\t<\/div>\n\t\t<\/section>\n\t\t\t\t\t<\/div>\n\t\t<\/div>\n\t\t\t\t\t<\/div>\n\t\t<\/section>\n\t\t\t\t<\/div>\n\t\t","protected":false},"excerpt":{"rendered":"<p>Blog Descubre todo sobre el servicio de limpieza en Panam\u00e1 Servicio de limpieza Broomday, empresa l\u00edder en Panam\u00e1 en limpieza profesional.\u00a0 Limpieza de oficinas en Costa Rica Limpieza post-construcci\u00f3n en Costa Rica Limpieza de cl\u00ednicas en Costa Rica Limpieza de universidades y colegios en Costa Rica Limpieza de bancos en Costa Rica Limpieza de bodegas [&hellip;]<\/p>\n","protected":false},"author":1,"featured_media":0,"parent":0,"menu_order":0,"comment_status":"closed","ping_status":"closed","template":"","meta":{"content-type":"","footnotes":""},"class_list":["post-6854","page","type-page","status-publish","hentry"],"blocksy_meta":[],"yoast_head":"<!-- This site is optimized with the Yoast SEO plugin v27.4 - https:\/\/yoast.com\/product\/yoast-seo-wordpress\/ -->\n<title>Blog - Broomday | Empresa de Limpieza en Costa Rica<\/title>\n<meta name=\"robots\" content=\"index, follow, max-snippet:-1, max-image-preview:large, max-video-preview:-1\" \/>\n<link rel=\"canonical\" href=\"https:\/\/broomday.com\/costarica\/blog\/\" \/>\n<meta property=\"og:locale\" content=\"es_ES\" \/>\n<meta property=\"og:type\" content=\"article\" \/>\n<meta property=\"og:title\" content=\"Blog - Broomday | Empresa de Limpieza en Costa Rica\" \/>\n<meta property=\"og:description\" content=\"Blog Descubre todo sobre el servicio de limpieza en Panam\u00e1 Servicio de limpieza Broomday, empresa l\u00edder en Panam\u00e1 en limpieza profesional.\u00a0 Limpieza de oficinas en Costa Rica Limpieza post-construcci\u00f3n en Costa Rica Limpieza de cl\u00ednicas en Costa Rica Limpieza de universidades y colegios en Costa Rica Limpieza de bancos en Costa Rica Limpieza de bodegas [&hellip;]\" \/>\n<meta property=\"og:url\" content=\"https:\/\/broomday.com\/costarica\/blog\/\" \/>\n<meta property=\"og:site_name\" content=\"Broomday | Empresa de Limpieza en Costa Rica\" \/>\n<meta property=\"article:modified_time\" content=\"2024-11-06T20:18:59+00:00\" \/>\n<meta name=\"twitter:card\" content=\"summary_large_image\" \/>\n<meta name=\"twitter:label1\" content=\"Tiempo de lectura\" \/>\n\t<meta name=\"twitter:data1\" content=\"1 minuto\" \/>\n<script type=\"application\/ld+json\" class=\"yoast-schema-graph\">{\"@context\":\"https:\\\/\\\/schema.org\",\"@graph\":[{\"@type\":\"WebPage\",\"@id\":\"https:\\\/\\\/broomday.com\\\/costarica\\\/blog\\\/\",\"url\":\"https:\\\/\\\/broomday.com\\\/costarica\\\/blog\\\/\",\"name\":\"Blog - Broomday | Empresa de Limpieza en Costa Rica\",\"isPartOf\":{\"@id\":\"https:\\\/\\\/broomday.com\\\/costarica\\\/#website\"},\"datePublished\":\"2024-11-06T20:18:06+00:00\",\"dateModified\":\"2024-11-06T20:18:59+00:00\",\"breadcrumb\":{\"@id\":\"https:\\\/\\\/broomday.com\\\/costarica\\\/blog\\\/#breadcrumb\"},\"inLanguage\":\"es\",\"potentialAction\":[{\"@type\":\"ReadAction\",\"target\":[\"https:\\\/\\\/broomday.com\\\/costarica\\\/blog\\\/\"]}]},{\"@type\":\"BreadcrumbList\",\"@id\":\"https:\\\/\\\/broomday.com\\\/costarica\\\/blog\\\/#breadcrumb\",\"itemListElement\":[{\"@type\":\"ListItem\",\"position\":1,\"name\":\"Portada\",\"item\":\"https:\\\/\\\/broomday.com\\\/costarica\\\/\"},{\"@type\":\"ListItem\",\"position\":2,\"name\":\"Blog\"}]},{\"@type\":\"WebSite\",\"@id\":\"https:\\\/\\\/broomday.com\\\/costarica\\\/#website\",\"url\":\"https:\\\/\\\/broomday.com\\\/costarica\\\/\",\"name\":\"Broomday | Empresa de Limpieza en Costa Rica\",\"description\":\"Broomday | Empresa de Limpieza en Costa Rica\",\"publisher\":{\"@id\":\"https:\\\/\\\/broomday.com\\\/costarica\\\/#organization\"},\"potentialAction\":[{\"@type\":\"SearchAction\",\"target\":{\"@type\":\"EntryPoint\",\"urlTemplate\":\"https:\\\/\\\/broomday.com\\\/costarica\\\/?s={search_term_string}\"},\"query-input\":{\"@type\":\"PropertyValueSpecification\",\"valueRequired\":true,\"valueName\":\"search_term_string\"}}],\"inLanguage\":\"es\"},{\"@type\":\"Organization\",\"@id\":\"https:\\\/\\\/broomday.com\\\/costarica\\\/#organization\",\"name\":\"Broomday\",\"alternateName\":\"Empresa de limpieza en Costa Rica\",\"url\":\"https:\\\/\\\/broomday.com\\\/costarica\\\/\",\"logo\":{\"@type\":\"ImageObject\",\"inLanguage\":\"es\",\"@id\":\"https:\\\/\\\/broomday.com\\\/costarica\\\/#\\\/schema\\\/logo\\\/image\\\/\",\"url\":\"https:\\\/\\\/broomday.com\\\/costarica\\\/wp-content\\\/uploads\\\/2023\\\/09\\\/logo-8.png\",\"contentUrl\":\"https:\\\/\\\/broomday.com\\\/costarica\\\/wp-content\\\/uploads\\\/2023\\\/09\\\/logo-8.png\",\"width\":290,\"height\":65,\"caption\":\"Broomday\"},\"image\":{\"@id\":\"https:\\\/\\\/broomday.com\\\/costarica\\\/#\\\/schema\\\/logo\\\/image\\\/\"}}]}<\/script>\n<!-- \/ Yoast SEO plugin. -->","yoast_head_json":{"title":"Blog - Broomday | Empresa de Limpieza en Costa Rica","robots":{"index":"index","follow":"follow","max-snippet":"max-snippet:-1","max-image-preview":"max-image-preview:large","max-video-preview":"max-video-preview:-1"},"canonical":"https:\/\/broomday.com\/costarica\/blog\/","og_locale":"es_ES","og_type":"article","og_title":"Blog - Broomday | Empresa de Limpieza en Costa Rica","og_description":"Blog Descubre todo sobre el servicio de limpieza en Panam\u00e1 Servicio de limpieza Broomday, empresa l\u00edder en Panam\u00e1 en limpieza profesional.\u00a0 Limpieza de oficinas en Costa Rica Limpieza post-construcci\u00f3n en Costa Rica Limpieza de cl\u00ednicas en Costa Rica Limpieza de universidades y colegios en Costa Rica Limpieza de bancos en Costa Rica Limpieza de bodegas [&hellip;]","og_url":"https:\/\/broomday.com\/costarica\/blog\/","og_site_name":"Broomday | Empresa de Limpieza en Costa Rica","article_modified_time":"2024-11-06T20:18:59+00:00","twitter_card":"summary_large_image","twitter_misc":{"Tiempo de lectura":"1 minuto"},"schema":{"@context":"https:\/\/schema.org","@graph":[{"@type":"WebPage","@id":"https:\/\/broomday.com\/costarica\/blog\/","url":"https:\/\/broomday.com\/costarica\/blog\/","name":"Blog - Broomday | Empresa de Limpieza en Costa Rica","isPartOf":{"@id":"https:\/\/broomday.com\/costarica\/#website"},"datePublished":"2024-11-06T20:18:06+00:00","dateModified":"2024-11-06T20:18:59+00:00","breadcrumb":{"@id":"https:\/\/broomday.com\/costarica\/blog\/#breadcrumb"},"inLanguage":"es","potentialAction":[{"@type":"ReadAction","target":["https:\/\/broomday.com\/costarica\/blog\/"]}]},{"@type":"BreadcrumbList","@id":"https:\/\/broomday.com\/costarica\/blog\/#breadcrumb","itemListElement":[{"@type":"ListItem","position":1,"name":"Portada","item":"https:\/\/broomday.com\/costarica\/"},{"@type":"ListItem","position":2,"name":"Blog"}]},{"@type":"WebSite","@id":"https:\/\/broomday.com\/costarica\/#website","url":"https:\/\/broomday.com\/costarica\/","name":"Broomday | Empresa de Limpieza en Costa Rica","description":"Broomday | Empresa de Limpieza en Costa Rica","publisher":{"@id":"https:\/\/broomday.com\/costarica\/#organization"},"potentialAction":[{"@type":"SearchAction","target":{"@type":"EntryPoint","urlTemplate":"https:\/\/broomday.com\/costarica\/?s={search_term_string}"},"query-input":{"@type":"PropertyValueSpecification","valueRequired":true,"valueName":"search_term_string"}}],"inLanguage":"es"},{"@type":"Organization","@id":"https:\/\/broomday.com\/costarica\/#organization","name":"Broomday","alternateName":"Empresa de limpieza en Costa Rica","url":"https:\/\/broomday.com\/costarica\/","logo":{"@type":"ImageObject","inLanguage":"es","@id":"https:\/\/broomday.com\/costarica\/#\/schema\/logo\/image\/","url":"https:\/\/broomday.com\/costarica\/wp-content\/uploads\/2023\/09\/logo-8.png","contentUrl":"https:\/\/broomday.com\/costarica\/wp-content\/uploads\/2023\/09\/logo-8.png","width":290,"height":65,"caption":"Broomday"},"image":{"@id":"https:\/\/broomday.com\/costarica\/#\/schema\/logo\/image\/"}}]}},"_links":{"self":[{"href":"https:\/\/broomday.com\/costarica\/wp-json\/wp\/v2\/pages\/6854","targetHints":{"allow":["GET"]}}],"collection":[{"href":"https:\/\/broomday.com\/costarica\/wp-json\/wp\/v2\/pages"}],"about":[{"href":"https:\/\/broomday.com\/costarica\/wp-json\/wp\/v2\/types\/page"}],"author":[{"embeddable":true,"href":"https:\/\/broomday.com\/costarica\/wp-json\/wp\/v2\/users\/1"}],"replies":[{"embeddable":true,"href":"https:\/\/broomday.com\/costarica\/wp-json\/wp\/v2\/comments?post=6854"}],"version-history":[{"count":7,"href":"https:\/\/broomday.com\/costarica\/wp-json\/wp\/v2\/pages\/6854\/revisions"}],"predecessor-version":[{"id":6862,"href":"https:\/\/broomday.com\/costarica\/wp-json\/wp\/v2\/pages\/6854\/revisions\/6862"}],"wp:attachment":[{"href":"https:\/\/broomday.com\/costarica\/wp-json\/wp\/v2\/media?parent=6854"}],"curies":[{"name":"wp","href":"https:\/\/api.w.org\/{rel}","templated":true}]}}